{"id":72582,"date":"2025-02-28T16:51:59","date_gmt":"2025-02-28T16:51:59","guid":{"rendered":"https:\/\/vancouver25dev.wpenginepowered.com\/?page_id=72582"},"modified":"2026-02-06T15:06:41","modified_gmt":"2026-02-06T20:06:41","slug":"payment","status":"publish","type":"page","link":"https:\/\/lavalgold.ca\/en\/buy-from-us\/payment\/","title":{"rendered":"Payment options"},"content":{"rendered":"<p>[et_pb_section fb_built=\u00a0\u00bb1&Prime; custom_padding_last_edited=\u00a0\u00bbon|desktop\u00a0\u00bb admin_label=\u00a0\u00bbSection\u00a0\u00bb _builder_version=\u00a0\u00bb4.27.4&Prime; _module_preset=\u00a0\u00bbdefault\u00a0\u00bb background_color=\u00a0\u00bb#032340&Prime; width_tablet=\u00a0\u00bb\u00a0\u00bb width_phone=\u00a0\u00bb100%\u00a0\u00bb width_last_edited=\u00a0\u00bbon|phone\u00a0\u00bb height_tablet=\u00a0\u00bb\u00a0\u00bb height_phone=\u00a0\u00bb\u00a0\u00bb height_last_edited=\u00a0\u00bbon|desktop\u00a0\u00bb custom_padding=\u00a0\u00bb10px||10px||false|false\u00a0\u00bb custom_padding_tablet=\u00a0\u00bb9px||4px||false|false\u00a0\u00bb custom_padding_phone=\u00a0\u00bb9px||4px||false|false\u00a0\u00bb border_color_bottom=\u00a0\u00bb#D2AE74&Prime; saved_tabs=\u00a0\u00bball\u00a0\u00bb locked=\u00a0\u00bboff\u00a0\u00bb collapsed=\u00a0\u00bboff\u00a0\u00bb global_colors_info=\u00a0\u00bb{}\u00a0\u00bb][et_pb_row make_equal=\u00a0\u00bbon\u00a0\u00bb _builder_version=\u00a0\u00bb4.27.4&Prime; _module_preset=\u00a0\u00bbdefault\u00a0\u00bb custom_margin=\u00a0\u00bb0px||0px||false|false\u00a0\u00bb custom_padding=\u00a0\u00bb0px||0px||false|false\u00a0\u00bb custom_css_main_element=\u00a0\u00bbdisplay:flex;\u00a0\u00bb global_colors_info=\u00a0\u00bb{}\u00a0\u00bb][et_pb_column type=\u00a0\u00bb4_4&Prime; _builder_version=\u00a0\u00bb4.27.4&Prime; _module_preset=\u00a0\u00bbdefault\u00a0\u00bb custom_css_main_element=\u00a0\u00bbdisplay:flex;||flex-direction:column;||justify-content: center;\u00a0\u00bb global_colors_info=\u00a0\u00bb{}\u00a0\u00bb][et_pb_heading title=\u00a0\u00bb@ET-DC@eyJkeW5hbWljIjp0cnVlLCJjb250ZW50IjoicG9zdF90aXRsZSIsInNldHRpbmdzIjp7ImJlZm9yZSI6IjxoMT4iLCJhZnRlciI6IjwvaDE+In19@\u00a0\u00bb _builder_version=\u00a0\u00bb4.27.4&Prime; _dynamic_attributes=\u00a0\u00bbtitle\u00a0\u00bb _module_preset=\u00a0\u00bbdefault\u00a0\u00bb title_font=\u00a0\u00bb&#8211;et_global_heading_font|500||on|||||\u00a0\u00bb title_text_align=\u00a0\u00bbcenter\u00a0\u00bb title_text_color=\u00a0\u00bb#FFFFFF\u00a0\u00bb title_font_size=\u00a0\u00bb35px\u00a0\u00bb module_alignment=\u00a0\u00bbcenter\u00a0\u00bb custom_margin=\u00a0\u00bb0px||0px||false|false\u00a0\u00bb custom_padding=\u00a0\u00bb0px||0px||false|false\u00a0\u00bb title_font_size_tablet=\u00a0\u00bb30px\u00a0\u00bb title_font_size_phone=\u00a0\u00bb25px\u00a0\u00bb title_font_size_last_edited=\u00a0\u00bbon|tablet\u00a0\u00bb custom_css_free_form=\u00a0\u00bbselector h1 {||  padding-bottom: 5px;||}\u00a0\u00bb global_colors_info=\u00a0\u00bb{}\u00a0\u00bb][\/et_pb_heading][\/et_pb_column][\/et_pb_row][\/et_pb_section][et_pb_section fb_built=\u00a0\u00bb1&Prime; admin_label=\u00a0\u00bbbreadcrumbs\u00a0\u00bb _builder_version=\u00a0\u00bb4.27.4&Prime; _module_preset=\u00a0\u00bbdefault\u00a0\u00bb custom_margin=\u00a0\u00bb0px||0px||false|false\u00a0\u00bb custom_margin_tablet=\u00a0\u00bb||0px||false|false\u00a0\u00bb custom_margin_phone=\u00a0\u00bb||0px||false|false\u00a0\u00bb custom_margin_last_edited=\u00a0\u00bbon|phone\u00a0\u00bb custom_padding=\u00a0\u00bb0px||0px||false|false\u00a0\u00bb global_module=\u00a0\u00bb151&Prime; saved_tabs=\u00a0\u00bball\u00a0\u00bb locked=\u00a0\u00bboff\u00a0\u00bb global_colors_info=\u00a0\u00bb{}\u00a0\u00bb][et_pb_row _builder_version=\u00a0\u00bb4.27.4&Prime; _module_preset=\u00a0\u00bbdefault\u00a0\u00bb width_tablet=\u00a0\u00bb\u00a0\u00bb width_phone=\u00a0\u00bb90%\u00a0\u00bb width_last_edited=\u00a0\u00bbon|phone\u00a0\u00bb custom_margin=\u00a0\u00bb||||false|false\u00a0\u00bb custom_padding=\u00a0\u00bb20px||20px||true|false\u00a0\u00bb global_colors_info=\u00a0\u00bb{}\u00a0\u00bb][et_pb_column type=\u00a0\u00bb4_4&Prime; _builder_version=\u00a0\u00bb4.27.4&Prime; _module_preset=\u00a0\u00bbdefault\u00a0\u00bb global_colors_info=\u00a0\u00bb{}\u00a0\u00bb][et_pb_text admin_label=\u00a0\u00bbbreadcrumbs\u00a0\u00bb _builder_version=\u00a0\u00bb4.27.4&Prime; _module_preset=\u00a0\u00bbdefault\u00a0\u00bb text_font=\u00a0\u00bb|&#8211;et_global_body_font_weight||on|||||\u00a0\u00bb text_text_color=\u00a0\u00bb#0E3E63&Prime; text_font_size=\u00a0\u00bb14px\u00a0\u00bb link_font=\u00a0\u00bb|||on|||||\u00a0\u00bb link_text_color=\u00a0\u00bb#000000&Prime; text_font_size_tablet=\u00a0\u00bb12px\u00a0\u00bb text_font_size_phone=\u00a0\u00bb11px\u00a0\u00bb text_font_size_last_edited=\u00a0\u00bbon|phone\u00a0\u00bb global_colors_info=\u00a0\u00bb{}\u00a0\u00bb]<\/p>\n<div data-plaintext=\"true\" data-pm-slice=\"1 1 [&quot;codeblock&quot;,{&quot;style&quot;:null,&quot;codeblock&quot;:true,&quot;textAlign&quot;:null,&quot;syntaxLanguage&quot;:null,&quot;lineWrapping&quot;:false}]\" data-en-clipboard=\"true\"><span><span><a href=\"https:\/\/lavalgold.ca\/\">Accueil<\/a><\/span><\/span><\/div>\n<p>[\/et_pb_text][\/et_pb_column][\/et_pb_row][\/et_pb_section][et_pb_section fb_built=\u00a0\u00bb1&Prime; _builder_version=\u00a0\u00bb4.27.4&Prime; _module_preset=\u00a0\u00bbdefault\u00a0\u00bb custom_margin=\u00a0\u00bb0px||0px||false|false\u00a0\u00bb custom_padding=\u00a0\u00bb0px||0px||false|false\u00a0\u00bb custom_css_free_form=\u00a0\u00bbselector ul {||  line-height: 1.6em;||}\u00a0\u00bb global_colors_info=\u00a0\u00bb{}\u00a0\u00bb][et_pb_row _builder_version=\u00a0\u00bb4.27.4&Prime; _module_preset=\u00a0\u00bbdefault\u00a0\u00bb custom_margin=\u00a0\u00bb||0px||false|false\u00a0\u00bb custom_padding=\u00a0\u00bb||0px||false|false\u00a0\u00bb hover_enabled=\u00a0\u00bb0&Prime; global_colors_info=\u00a0\u00bb{}\u00a0\u00bb width_last_edited=\u00a0\u00bbon|phone\u00a0\u00bb width_phone=\u00a0\u00bb90%\u00a0\u00bb sticky_enabled=\u00a0\u00bb0&Prime; custom_padding_last_edited=\u00a0\u00bbon|phone\u00a0\u00bb custom_padding_phone=\u00a0\u00bb0px||0px||false|false\u00a0\u00bb custom_padding_tablet=\u00a0\u00bb||0px||false|false\u00a0\u00bb][et_pb_column type=\u00a0\u00bb4_4&Prime; _builder_version=\u00a0\u00bb4.27.4&Prime; _module_preset=\u00a0\u00bbdefault\u00a0\u00bb global_colors_info=\u00a0\u00bb{}\u00a0\u00bb][et_pb_heading title=\u00a0\u00bbOptions de paiement pour les lingots\u00a0\u00bb _builder_version=\u00a0\u00bb4.27.4&Prime; _module_preset=\u00a0\u00bbdefault\u00a0\u00bb title_level=\u00a0\u00bbh2&Prime; title_font=\u00a0\u00bb|600|||||||\u00a0\u00bb title_font_size=\u00a0\u00bb29px\u00a0\u00bb hover_enabled=\u00a0\u00bb0&Prime; global_colors_info=\u00a0\u00bb{}\u00a0\u00bb title_font_size_last_edited=\u00a0\u00bbon|phone\u00a0\u00bb title_font_size_tablet=\u00a0\u00bb27px\u00a0\u00bb sticky_enabled=\u00a0\u00bb0&Prime; title_font_size_phone=\u00a0\u00bb22px\u00a0\u00bb custom_padding=\u00a0\u00bb||0px||false|false\u00a0\u00bb][\/et_pb_heading][et_pb_text _builder_version=\u00a0\u00bb4.27.4&Prime; _module_preset=\u00a0\u00bbdefault\u00a0\u00bb hover_enabled=\u00a0\u00bb0&Prime; global_colors_info=\u00a0\u00bb{}\u00a0\u00bb text_font_size_last_edited=\u00a0\u00bbon|phone\u00a0\u00bb text_font_size_tablet=\u00a0\u00bb15px\u00a0\u00bb sticky_enabled=\u00a0\u00bb0&Prime; text_font_size_phone=\u00a0\u00bb14px\u00a0\u00bb]<\/p>\n<p><span style=\"font-weight: 400;\">Lorsque vous achetez des m\u00e9taux pr\u00e9cieux chez Canada Or &#8211; Laval, plusieurs options de paiement s\u2019offrent \u00e0 vous.<\/span><\/p>\n<p><span style=\"font-weight: 400;\">Veuillez nous appeler avant d\u2019effectuer un paiement pour une commande en ligne ou par l\u2019entremise de votre banque afin d\u2019obtenir un num\u00e9ro de commande unique et de confirmer le montant total.<\/span><\/p>\n<p>[\/et_pb_text][\/et_pb_column][\/et_pb_row][et_pb_row _builder_version=\u00a0\u00bb4.27.4&Prime; _module_preset=\u00a0\u00bbdefault\u00a0\u00bb hover_enabled=\u00a0\u00bb0&Prime; custom_css_free_form=\u00a0\u00bbselector h3 {||  margin-top: 0.4em;||}\u00a0\u00bb global_colors_info=\u00a0\u00bb{}\u00a0\u00bb width_last_edited=\u00a0\u00bbon|phone\u00a0\u00bb width_phone=\u00a0\u00bb90%\u00a0\u00bb sticky_enabled=\u00a0\u00bb0&Prime;][et_pb_column type=\u00a0\u00bb4_4&Prime; _builder_version=\u00a0\u00bb4.27.4&Prime; _module_preset=\u00a0\u00bbdefault\u00a0\u00bb global_colors_info=\u00a0\u00bb{}\u00a0\u00bb][et_pb_accordion toggle_icon=\u00a0\u00bb&#x47;||divi||400&Prime; _builder_version=\u00a0\u00bb4.27.4&Prime; _module_preset=\u00a0\u00bbdefault\u00a0\u00bb hover_enabled=\u00a0\u00bb0&Prime; global_colors_info=\u00a0\u00bb{}\u00a0\u00bb toggle_level=\u00a0\u00bbh3&Prime; toggle_font_size_last_edited=\u00a0\u00bbon|phone\u00a0\u00bb sticky_enabled=\u00a0\u00bb0&Prime; toggle_font_size_tablet=\u00a0\u00bb20px\u00a0\u00bb toggle_font_size_phone=\u00a0\u00bb18px\u00a0\u00bb body_font_size_last_edited=\u00a0\u00bbon|phone\u00a0\u00bb body_font_size_tablet=\u00a0\u00bb15px\u00a0\u00bb body_font_size_phone=\u00a0\u00bb14px\u00a0\u00bb][et_pb_accordion_item title=\u00a0\u00bb1. Cartes de d\u00e9bit \u00e9mises par des banques ou des caisses populaires canadiennes (aucune carte de cr\u00e9dit)\u00a0\u00bb open=\u00a0\u00bbon\u00a0\u00bb _builder_version=\u00a0\u00bb4.27.4&Prime; _module_preset=\u00a0\u00bbdefault\u00a0\u00bb global_colors_info=\u00a0\u00bb{}\u00a0\u00bb toggle_level=\u00a0\u00bbh3&Prime;]<\/p>\n<ul>\n<li style=\"font-weight: 400;\" aria-level=\"1\"><span style=\"font-weight: 400;\">Payez en magasin au moment de l\u2019achat.<\/span><\/li>\n<li style=\"font-weight: 400;\" aria-level=\"1\"><span style=\"font-weight: 400;\">Les limites habituelles des cartes de d\u00e9bit varient entre 300 $ et 10 000 $. Veuillez v\u00e9rifier aupr\u00e8s de votre institution financi\u00e8re si vous avez besoin d\u2019une augmentation de limite pour des transactions plus importantes.<\/span><\/li>\n<li style=\"font-weight: 400;\" aria-level=\"1\"><span style=\"font-weight: 400;\">Obtenez un acc\u00e8s imm\u00e9diat \u00e0 vos lingots apr\u00e8s le paiement.<\/span><\/li>\n<\/ul>\n<p>[\/et_pb_accordion_item][et_pb_accordion_item title=\u00a0\u00bb2. Argent comptant\u00a0\u00bb _builder_version=\u00a0\u00bb4.27.4&Prime; _module_preset=\u00a0\u00bbdefault\u00a0\u00bb global_colors_info=\u00a0\u00bb{}\u00a0\u00bb toggle_level=\u00a0\u00bbh3&Prime; open=\u00a0\u00bboff\u00a0\u00bb]<\/p>\n<p><b>Toutes les transactions sont assujetties aux r\u00e8gles et aux exigences de notre programme de conformit\u00e9, conform\u00e9ment \u00e0 la Loi sur le recyclage des produits de la criminalit\u00e9 et le financement des activit\u00e9s terroristes (LRPCFAT).<\/b><\/p>\n<p><b><\/b><\/p>\n<ul>\n<li style=\"font-weight: 400;\" aria-level=\"1\"><span style=\"font-weight: 400;\">Pour les paiements en argent comptant <\/span><b>de plus de 10 000 $<\/b><span style=\"font-weight: 400;\">, une pi\u00e8ce d\u2019identit\u00e9 valide est requise et l\u2019approbation d\u2019un g\u00e9rant de succursale peut \u00eatre n\u00e9cessaire.<\/span><\/li>\n<li style=\"font-weight: 400;\" aria-level=\"1\"><span style=\"font-weight: 400;\">Seuls les billets polym\u00e8res canadiens r\u00e9cents, comportant une bande verticale transparente, sont accept\u00e9s. \u00c0 la discr\u00e9tion du g\u00e9rant, notre personnel peut accepter jusqu\u2019\u00e0 1 000 $ en anciens billets canadiens.<\/span><\/li>\n<li style=\"font-weight: 400;\" aria-level=\"1\"><span style=\"font-weight: 400;\">Vos lingots sont disponibles imm\u00e9diatement.<\/span><\/li>\n<\/ul>\n<p>[\/et_pb_accordion_item][et_pb_accordion_item title=\u00a0\u00bb3. Traite bancaire\u00a0\u00bb _builder_version=\u00a0\u00bb4.27.4&Prime; _module_preset=\u00a0\u00bbdefault\u00a0\u00bb global_colors_info=\u00a0\u00bb{}\u00a0\u00bb toggle_level=\u00a0\u00bbh3&Prime; open=\u00a0\u00bboff\u00a0\u00bb]<\/p>\n<ul>\n<li style=\"font-weight: 400;\" aria-level=\"1\"><span style=\"font-weight: 400;\">Veuillez appeler ou visiter votre succursale Canada Or locale afin de confirmer la disponibilit\u00e9 des stocks et les montants exacts avant d\u2019effectuer le paiement.<\/span><\/li>\n<li style=\"font-weight: 400;\" aria-level=\"1\"><span style=\"font-weight: 400;\">La traite doit \u00eatre libell\u00e9e \u00e0 l\u2019ordre de <\/span><b>\u00ab Canada Gold \u00bb<\/b><span style=\"font-weight: 400;\">.<\/span><\/li>\n<li style=\"font-weight: 400;\" aria-level=\"1\"><span style=\"font-weight: 400;\">Veuillez vous assurer que le montant est exact. Nous ne rendons pas la monnaie.<\/span><\/li>\n<li style=\"font-weight: 400;\" aria-level=\"1\"><span style=\"font-weight: 400;\">Nous acceptons uniquement les traites bancaires \u00e9mises par des banques et des soci\u00e9t\u00e9s de fiducie canadiennes.<\/span><\/li>\n<li style=\"font-weight: 400;\" aria-level=\"1\"><span style=\"font-weight: 400;\">Pr\u00e9sentez la traite bancaire \u00e0 la succursale Canada Or le jour m\u00eame de sa date d\u2019\u00e9mission.<\/span><\/li>\n<li style=\"font-weight: 400;\" aria-level=\"1\"><span style=\"font-weight: 400;\">Veuillez fournir une pi\u00e8ce d\u2019identit\u00e9 et votre num\u00e9ro de t\u00e9l\u00e9phone au moment du paiement.<\/span><\/li>\n<li style=\"font-weight: 400;\" aria-level=\"1\">Vos lingots seront disponibles apr\u00e8s une p\u00e9riode de compensation de <b>5 \u00e0 10 jours ouvrables<\/b><span>.<\/span><\/li>\n<\/ul>\n<p>[\/et_pb_accordion_item][\/et_pb_accordion][\/et_pb_column][\/et_pb_row][et_pb_row _builder_version=\u00a0\u00bb4.27.4&Prime; _module_preset=\u00a0\u00bbdefault\u00a0\u00bb background_color=\u00a0\u00bb#f7f7f7&Prime; hover_enabled=\u00a0\u00bb0&Prime; custom_css_free_form=\u00a0\u00bbselector h3 {||  margin-top: auto;||}\u00a0\u00bb border_width_all=\u00a0\u00bb1px\u00a0\u00bb border_color_all=\u00a0\u00bb#D2AE74&Prime; global_colors_info=\u00a0\u00bb{}\u00a0\u00bb sticky_enabled=\u00a0\u00bb0&Prime; width_last_edited=\u00a0\u00bbon|phone\u00a0\u00bb width_phone=\u00a0\u00bb90%\u00a0\u00bb][et_pb_column type=\u00a0\u00bb4_4&Prime; _builder_version=\u00a0\u00bb4.27.4&Prime; _module_preset=\u00a0\u00bbdefault\u00a0\u00bb global_colors_info=\u00a0\u00bb{}\u00a0\u00bb][et_pb_heading title=\u00a0\u00bb* Notes importantes *\u00a0\u00bb _builder_version=\u00a0\u00bb4.27.4&Prime; _module_preset=\u00a0\u00bbdefault\u00a0\u00bb title_level=\u00a0\u00bbh3&Prime; title_font=\u00a0\u00bb|600|||||||\u00a0\u00bb title_text_align=\u00a0\u00bbcenter\u00a0\u00bb custom_margin=\u00a0\u00bb||||false|false\u00a0\u00bb custom_padding=\u00a0\u00bb||0.8em||false|false\u00a0\u00bb hover_enabled=\u00a0\u00bb0&Prime; global_colors_info=\u00a0\u00bb{}\u00a0\u00bb title_font_size_last_edited=\u00a0\u00bbon|tablet\u00a0\u00bb title_font_size_tablet=\u00a0\u00bb21px\u00a0\u00bb sticky_enabled=\u00a0\u00bb0&Prime; title_font_size_phone=\u00a0\u00bb19px\u00a0\u00bb][\/et_pb_heading][et_pb_text _builder_version=\u00a0\u00bb4.27.4&Prime; _module_preset=\u00a0\u00bbdefault\u00a0\u00bb custom_padding=\u00a0\u00bb|5em||5em|false|false\u00a0\u00bb hover_enabled=\u00a0\u00bb0&Prime; global_colors_info=\u00a0\u00bb{}\u00a0\u00bb custom_padding_last_edited=\u00a0\u00bbon|tablet\u00a0\u00bb custom_padding_tablet=\u00a0\u00bb|1em||1em|false|true\u00a0\u00bb text_font_size_last_edited=\u00a0\u00bbon|tablet\u00a0\u00bb text_font_size_tablet=\u00a0\u00bb15px\u00a0\u00bb text_line_height_last_edited=\u00a0\u00bbon|tablet\u00a0\u00bb ul_line_height_last_edited=\u00a0\u00bbon|tablet\u00a0\u00bb ul_line_height_tablet=\u00a0\u00bb1.8em\u00a0\u00bb sticky_enabled=\u00a0\u00bb0&Prime; text_font_size_phone=\u00a0\u00bb14px\u00a0\u00bb custom_padding_phone=\u00a0\u00bb|0.5em||0.5em|false|true\u00a0\u00bb ul_line_height_phone=\u00a0\u00bb1.8em\u00a0\u00bb]<\/p>\n<ul>\n<li style=\"font-weight: 400;\" aria-level=\"1\"><span style=\"font-weight: 400;\">Canada Or n\u2019accepte pas les paiements par d\u00e9p\u00f4t direct ou par ch\u00e8que aux guichets de banque. Ces fonds ne peuvent pas \u00eatre v\u00e9rifi\u00e9s et seront refus\u00e9s.<\/span><\/li>\n<li style=\"font-weight: 400;\" aria-level=\"1\"><span style=\"font-weight: 400;\">Actuellement, Canada Or \u2013 Laval n\u2019accepte pas les paiements de factures en ligne, les virements \u00e9lectroniques, les virements bancaires ni les cartes de cr\u00e9dit comme modes de paiement.<\/span><\/li>\n<li style=\"font-weight: 400;\" aria-level=\"1\"><span style=\"font-weight: 400;\">Veuillez confirmer l\u2019inventaire et les montants exacts avant de proc\u00e9der au paiement. Les paiements re\u00e7us sans num\u00e9ro de ticket ou de commande ne seront pas accept\u00e9s.<\/span><\/li>\n<li style=\"font-weight: 400;\" aria-level=\"1\"><span style=\"font-weight: 400;\">Vous serez contact\u00e9 directement par t\u00e9l\u00e9phone une fois que les paiements \u00e0 distance auront \u00e9t\u00e9 v\u00e9rifi\u00e9s, et vous pourrez alors r\u00e9cup\u00e9rer vos articles.<\/span><\/li>\n<li style=\"font-weight: 400;\" aria-level=\"1\"><span style=\"font-weight: 400;\">Veuillez vous munir d\u2019une pi\u00e8ce d\u2019identit\u00e9 avec photo au moment de votre retrait pour v\u00e9rification.<\/span><\/li>\n<\/ul>\n<p>[\/et_pb_text][\/et_pb_column][\/et_pb_row][\/et_pb_section]<\/p>\n","protected":false},"excerpt":{"rendered":"<p><span><span><a href=\"https:\/\/lavalgold.ca\/\">Accueil<\/a><\/span><\/span>Lorsque vous achetez des m\u00e9taux pr\u00e9cieux chez Canada Or &#8211; Laval, plusieurs options de paiement s\u2019offrent \u00e0 vous. Veuillez nous appeler avant d\u2019effectuer un paiement pour une commande en ligne ou par l\u2019entremise de votre banque afin d\u2019obtenir un num\u00e9ro de commande unique et de confirmer le montant total. Payez en magasin au moment de [&hellip;]<\/p>\n","protected":false},"author":1,"featured_media":0,"parent":185,"menu_order":0,"comment_status":"closed","ping_status":"closed","template":"","meta":{"_acf_changed":false,"_et_pb_use_builder":"on","_et_pb_old_content":"","_et_gb_content_width":"","footnotes":""},"class_list":["post-72582","page","type-page","status-publish","hentry"],"acf":[],"yoast_head":"<!-- This site is optimized with the Yoast SEO plugin v27.2 - https:\/\/yoast.com\/product\/yoast-seo-wordpress\/ -->\n<title>Options de paiement et renseignements sur les lingots - Laval Gold<\/title>\n<meta name=\"description\" content=\"Vous cherchez \u00e0 acheter des lingots d\u2019or ou d\u2019argent au Qu\u00e9bec ? Consultez les options de paiement de Canada Or \u2013 Laval ou communiquez avec nous pour obtenir plus d\u2019information.\" \/>\n<meta name=\"robots\" content=\"index, follow, max-snippet:-1, max-image-preview:large, max-video-preview:-1\" \/>\n<link rel=\"canonical\" href=\"https:\/\/lavalgold.ca\/en\/buy-from-us\/payment\/\" \/>\n<meta property=\"og:locale\" content=\"en_US\" \/>\n<meta property=\"og:type\" content=\"article\" \/>\n<meta property=\"og:title\" content=\"Options de paiement et renseignements sur les lingots - Laval Gold\" \/>\n<meta property=\"og:description\" content=\"Vous cherchez \u00e0 acheter des lingots d\u2019or ou d\u2019argent au Qu\u00e9bec ? Consultez les options de paiement de Canada Or \u2013 Laval ou communiquez avec nous pour obtenir plus d\u2019information.\" \/>\n<meta property=\"og:url\" content=\"https:\/\/lavalgold.ca\/en\/buy-from-us\/payment\/\" \/>\n<meta property=\"og:site_name\" content=\"Laval Gold\" \/>\n<meta property=\"article:publisher\" content=\"https:\/\/www.facebook.com\/CanadaGoldBBB\" \/>\n<meta property=\"article:modified_time\" content=\"2026-02-06T20:06:41+00:00\" \/>\n<meta property=\"og:image\" content=\"https:\/\/lavalgold.ca\/wp-content\/uploads\/2026\/02\/Canada-Or-Laval-Web-Logo-Gold-and-Navy.png\" \/>\n\t<meta property=\"og:image:width\" content=\"1000\" \/>\n\t<meta property=\"og:image:height\" content=\"225\" \/>\n\t<meta property=\"og:image:type\" content=\"image\/png\" \/>\n<meta name=\"twitter:card\" content=\"summary_large_image\" \/>\n<meta name=\"twitter:site\" content=\"@canadagoldbbb\" \/>\n<meta name=\"twitter:label1\" content=\"Est. reading time\" \/>\n\t<meta name=\"twitter:data1\" content=\"2 minutes\" \/>\n<script type=\"application\/ld+json\" class=\"yoast-schema-graph\">{\"@context\":\"https:\/\/schema.org\",\"@graph\":[{\"@type\":\"WebPage\",\"@id\":\"https:\/\/lavalgold.ca\/buy-from-us\/payment\/\",\"url\":\"https:\/\/lavalgold.ca\/buy-from-us\/payment\/\",\"name\":\"Options de paiement et renseignements sur les lingots - Laval Gold\",\"isPartOf\":{\"@id\":\"https:\/\/lavalgold.ca\/#website\"},\"datePublished\":\"2025-02-28T16:51:59+00:00\",\"dateModified\":\"2026-02-06T20:06:41+00:00\",\"description\":\"Vous cherchez \u00e0 acheter des lingots d\u2019or ou d\u2019argent au Qu\u00e9bec ? Consultez les options de paiement de Canada Or \u2013 Laval ou communiquez avec nous pour obtenir plus d\u2019information.\",\"breadcrumb\":{\"@id\":\"https:\/\/lavalgold.ca\/buy-from-us\/payment\/#breadcrumb\"},\"inLanguage\":\"en-CA\",\"potentialAction\":[{\"@type\":\"ReadAction\",\"target\":[\"https:\/\/lavalgold.ca\/buy-from-us\/payment\/\"]}]},{\"@type\":\"BreadcrumbList\",\"@id\":\"https:\/\/lavalgold.ca\/buy-from-us\/payment\/#breadcrumb\",\"itemListElement\":[{\"@type\":\"ListItem\",\"position\":1,\"name\":\"Accueil\",\"item\":\"https:\/\/lavalgold.ca\/\"},{\"@type\":\"ListItem\",\"position\":2,\"name\":\"Acheter chez nous\",\"item\":\"https:\/\/lavalgold.ca\/buy-from-us\/\"},{\"@type\":\"ListItem\",\"position\":3,\"name\":\"Options de paiement\"}]},{\"@type\":\"WebSite\",\"@id\":\"https:\/\/lavalgold.ca\/#website\",\"url\":\"https:\/\/lavalgold.ca\/\",\"name\":\"Laval Gold\",\"description\":\"A Division of Canada Gold\",\"publisher\":{\"@id\":\"https:\/\/lavalgold.ca\/#organization\"},\"potentialAction\":[{\"@type\":\"SearchAction\",\"target\":{\"@type\":\"EntryPoint\",\"urlTemplate\":\"https:\/\/lavalgold.ca\/?s={search_term_string}\"},\"query-input\":{\"@type\":\"PropertyValueSpecification\",\"valueRequired\":true,\"valueName\":\"search_term_string\"}}],\"inLanguage\":\"en-CA\"},{\"@type\":\"Organization\",\"@id\":\"https:\/\/lavalgold.ca\/#organization\",\"name\":\"Laval Gold\",\"url\":\"https:\/\/lavalgold.ca\/\",\"logo\":{\"@type\":\"ImageObject\",\"inLanguage\":\"en-CA\",\"@id\":\"https:\/\/lavalgold.ca\/#\/schema\/logo\/image\/\",\"url\":\"https:\/\/lavalgold.ca\/wp-content\/uploads\/2025\/01\/cropped-favicon.png\",\"contentUrl\":\"https:\/\/lavalgold.ca\/wp-content\/uploads\/2025\/01\/cropped-favicon.png\",\"width\":512,\"height\":512,\"caption\":\"Laval Gold\"},\"image\":{\"@id\":\"https:\/\/lavalgold.ca\/#\/schema\/logo\/image\/\"},\"sameAs\":[\"https:\/\/www.facebook.com\/CanadaGoldBBB\",\"https:\/\/x.com\/canadagoldbbb\"]}]}<\/script>\n<!-- \/ Yoast SEO plugin. -->","yoast_head_json":{"title":"Payment options and bullion information - Laval Gold","description":"Looking to buy gold or silver bullion in Quebec? Check out Canada Gold - Laval's payment options or contact us for more information.","robots":{"index":"index","follow":"follow","max-snippet":"max-snippet:-1","max-image-preview":"max-image-preview:large","max-video-preview":"max-video-preview:-1"},"canonical":"https:\/\/lavalgold.ca\/en\/buy-from-us\/payment\/","og_locale":"en_US","og_type":"article","og_title":"Options de paiement et renseignements sur les lingots - Laval Gold","og_description":"Vous cherchez \u00e0 acheter des lingots d\u2019or ou d\u2019argent au Qu\u00e9bec ? Consultez les options de paiement de Canada Or \u2013 Laval ou communiquez avec nous pour obtenir plus d\u2019information.","og_url":"https:\/\/lavalgold.ca\/en\/buy-from-us\/payment\/","og_site_name":"Laval Gold","article_publisher":"https:\/\/www.facebook.com\/CanadaGoldBBB","article_modified_time":"2026-02-06T20:06:41+00:00","og_image":[{"width":1000,"height":225,"url":"https:\/\/lavalgold.ca\/wp-content\/uploads\/2026\/02\/Canada-Or-Laval-Web-Logo-Gold-and-Navy.png","type":"image\/png"}],"twitter_card":"summary_large_image","twitter_site":"@canadagoldbbb","twitter_misc":{"Est. reading time":"2 minutes"},"schema":{"@context":"https:\/\/schema.org","@graph":[{"@type":"WebPage","@id":"https:\/\/lavalgold.ca\/buy-from-us\/payment\/","url":"https:\/\/lavalgold.ca\/buy-from-us\/payment\/","name":"Payment options and bullion information - Laval Gold","isPartOf":{"@id":"https:\/\/lavalgold.ca\/#website"},"datePublished":"2025-02-28T16:51:59+00:00","dateModified":"2026-02-06T20:06:41+00:00","description":"Looking to buy gold or silver bullion in Quebec? Check out Canada Gold - Laval's payment options or contact us for more information.","breadcrumb":{"@id":"https:\/\/lavalgold.ca\/buy-from-us\/payment\/#breadcrumb"},"inLanguage":"en-CA","potentialAction":[{"@type":"ReadAction","target":["https:\/\/lavalgold.ca\/buy-from-us\/payment\/"]}]},{"@type":"BreadcrumbList","@id":"https:\/\/lavalgold.ca\/buy-from-us\/payment\/#breadcrumb","itemListElement":[{"@type":"ListItem","position":1,"name":"Accueil","item":"https:\/\/lavalgold.ca\/"},{"@type":"ListItem","position":2,"name":"Acheter chez nous","item":"https:\/\/lavalgold.ca\/buy-from-us\/"},{"@type":"ListItem","position":3,"name":"Options de paiement"}]},{"@type":"WebSite","@id":"https:\/\/lavalgold.ca\/#website","url":"https:\/\/lavalgold.ca\/","name":"Laval Gold","description":"A Division of Canada Gold","publisher":{"@id":"https:\/\/lavalgold.ca\/#organization"},"potentialAction":[{"@type":"SearchAction","target":{"@type":"EntryPoint","urlTemplate":"https:\/\/lavalgold.ca\/?s={search_term_string}"},"query-input":{"@type":"PropertyValueSpecification","valueRequired":true,"valueName":"search_term_string"}}],"inLanguage":"en-CA"},{"@type":"Organization","@id":"https:\/\/lavalgold.ca\/#organization","name":"Laval Gold","url":"https:\/\/lavalgold.ca\/","logo":{"@type":"ImageObject","inLanguage":"en-CA","@id":"https:\/\/lavalgold.ca\/#\/schema\/logo\/image\/","url":"https:\/\/lavalgold.ca\/wp-content\/uploads\/2025\/01\/cropped-favicon.png","contentUrl":"https:\/\/lavalgold.ca\/wp-content\/uploads\/2025\/01\/cropped-favicon.png","width":512,"height":512,"caption":"Laval Gold"},"image":{"@id":"https:\/\/lavalgold.ca\/#\/schema\/logo\/image\/"},"sameAs":["https:\/\/www.facebook.com\/CanadaGoldBBB","https:\/\/x.com\/canadagoldbbb"]}]}},"_links":{"self":[{"href":"https:\/\/lavalgold.ca\/en\/wp-json\/wp\/v2\/pages\/72582","targetHints":{"allow":["GET"]}}],"collection":[{"href":"https:\/\/lavalgold.ca\/en\/wp-json\/wp\/v2\/pages"}],"about":[{"href":"https:\/\/lavalgold.ca\/en\/wp-json\/wp\/v2\/types\/page"}],"author":[{"embeddable":true,"href":"https:\/\/lavalgold.ca\/en\/wp-json\/wp\/v2\/users\/1"}],"replies":[{"embeddable":true,"href":"https:\/\/lavalgold.ca\/en\/wp-json\/wp\/v2\/comments?post=72582"}],"version-history":[{"count":0,"href":"https:\/\/lavalgold.ca\/en\/wp-json\/wp\/v2\/pages\/72582\/revisions"}],"up":[{"embeddable":true,"href":"https:\/\/lavalgold.ca\/en\/wp-json\/wp\/v2\/pages\/185"}],"wp:attachment":[{"href":"https:\/\/lavalgold.ca\/en\/wp-json\/wp\/v2\/media?parent=72582"}],"curies":[{"name":"wp","href":"https:\/\/api.w.org\/{rel}","templated":true}]}}