{"id":71984,"date":"2025-02-19T23:32:32","date_gmt":"2025-02-19T23:32:32","guid":{"rendered":"https:\/\/vancouver25dev.wpenginepowered.com\/?page_id=71984"},"modified":"2026-02-06T17:09:07","modified_gmt":"2026-02-06T22:09:07","slug":"%e5%9c%b0%e9%bb%9e","status":"publish","type":"page","link":"https:\/\/lavalgold.ca\/zh\/locations\/","title":{"rendered":"\u5206\u652f\u6a5f\u69cb"},"content":{"rendered":"<p>[et_pb_section fb_built=\u00a0\u00bb1&Prime; custom_padding_last_edited=\u00a0\u00bbon|desktop\u00a0\u00bb admin_label=\u00a0\u00bbSection\u00a0\u00bb _builder_version=\u00a0\u00bb4.27.4&Prime; _module_preset=\u00a0\u00bbdefault\u00a0\u00bb background_color=\u00a0\u00bb#032340&Prime; width_tablet=\u00a0\u00bb\u00a0\u00bb width_phone=\u00a0\u00bb100%\u00a0\u00bb width_last_edited=\u00a0\u00bbon|phone\u00a0\u00bb height_tablet=\u00a0\u00bb\u00a0\u00bb height_phone=\u00a0\u00bb\u00a0\u00bb height_last_edited=\u00a0\u00bbon|desktop\u00a0\u00bb custom_padding=\u00a0\u00bb10px||10px||false|false\u00a0\u00bb custom_padding_tablet=\u00a0\u00bb9px||4px||false|false\u00a0\u00bb custom_padding_phone=\u00a0\u00bb9px||4px||false|false\u00a0\u00bb border_color_bottom=\u00a0\u00bb#D2AE74&Prime; saved_tabs=\u00a0\u00bball\u00a0\u00bb locked=\u00a0\u00bboff\u00a0\u00bb collapsed=\u00a0\u00bboff\u00a0\u00bb global_colors_info=\u00a0\u00bb{}\u00a0\u00bb][et_pb_row make_equal=\u00a0\u00bbon\u00a0\u00bb _builder_version=\u00a0\u00bb4.27.4&Prime; _module_preset=\u00a0\u00bbdefault\u00a0\u00bb custom_margin=\u00a0\u00bb0px||0px||false|false\u00a0\u00bb custom_padding=\u00a0\u00bb0px||0px||false|false\u00a0\u00bb custom_css_main_element=\u00a0\u00bbdisplay:flex;\u00a0\u00bb global_colors_info=\u00a0\u00bb{}\u00a0\u00bb][et_pb_column type=\u00a0\u00bb4_4&Prime; _builder_version=\u00a0\u00bb4.27.4&Prime; _module_preset=\u00a0\u00bbdefault\u00a0\u00bb custom_css_main_element=\u00a0\u00bbdisplay:flex;||flex-direction:column;||justify-content: center;\u00a0\u00bb global_colors_info=\u00a0\u00bb{}\u00a0\u00bb][et_pb_heading title=\u00a0\u00bb@ET-DC@eyJkeW5hbWljIjp0cnVlLCJjb250ZW50IjoicG9zdF90aXRsZSIsInNldHRpbmdzIjp7ImJlZm9yZSI6IjxoMT4iLCJhZnRlciI6IjwvaDE+In19@\u00a0\u00bb _builder_version=\u00a0\u00bb4.27.4&Prime; _dynamic_attributes=\u00a0\u00bbtitle\u00a0\u00bb _module_preset=\u00a0\u00bbdefault\u00a0\u00bb title_font=\u00a0\u00bb&#8211;et_global_heading_font|500||on|||||\u00a0\u00bb title_text_align=\u00a0\u00bbcenter\u00a0\u00bb title_text_color=\u00a0\u00bb#FFFFFF\u00a0\u00bb title_font_size=\u00a0\u00bb35px\u00a0\u00bb module_alignment=\u00a0\u00bbcenter\u00a0\u00bb custom_margin=\u00a0\u00bb0px||0px||false|false\u00a0\u00bb custom_padding=\u00a0\u00bb0px||0px||false|false\u00a0\u00bb title_font_size_tablet=\u00a0\u00bb30px\u00a0\u00bb title_font_size_phone=\u00a0\u00bb25px\u00a0\u00bb title_font_size_last_edited=\u00a0\u00bbon|tablet\u00a0\u00bb custom_css_free_form=\u00a0\u00bbselector h1 {||  padding-bottom: 5px;||}\u00a0\u00bb global_colors_info=\u00a0\u00bb{}\u00a0\u00bb][\/et_pb_heading][\/et_pb_column][\/et_pb_row][\/et_pb_section][et_pb_section fb_built=\u00a0\u00bb1&Prime; _builder_version=\u00a0\u00bb4.27.4&Prime; _module_preset=\u00a0\u00bbdefault\u00a0\u00bb background_color=\u00a0\u00bbrgba(247,247,247,0.9)\u00a0\u00bb custom_padding=\u00a0\u00bb0px||0px||false|false\u00a0\u00bb saved_tabs=\u00a0\u00bball\u00a0\u00bb global_colors_info=\u00a0\u00bb{}\u00a0\u00bb][et_pb_row _builder_version=\u00a0\u00bb4.27.4&Prime; _module_preset=\u00a0\u00bbdefault\u00a0\u00bb custom_padding=\u00a0\u00bb20px||20px||true|false\u00a0\u00bb global_colors_info=\u00a0\u00bb{}\u00a0\u00bb][et_pb_column type=\u00a0\u00bb4_4&Prime; _builder_version=\u00a0\u00bb4.27.4&Prime; _module_preset=\u00a0\u00bbdefault\u00a0\u00bb global_colors_info=\u00a0\u00bb{}\u00a0\u00bb][et_pb_text _builder_version=\u00a0\u00bb4.27.4&Prime; _module_preset=\u00a0\u00bbdefault\u00a0\u00bb text_font=\u00a0\u00bb|||on|||||\u00a0\u00bb text_text_color=\u00a0\u00bb#000000&Prime; text_font_size=\u00a0\u00bb14px\u00a0\u00bb link_font=\u00a0\u00bb|||on|||||\u00a0\u00bb link_text_color=\u00a0\u00bb#032340&Prime; global_colors_info=\u00a0\u00bb{}\u00a0\u00bb]<\/p>\n<div data-plaintext=\"true\" data-pm-slice=\"1 1 [&quot;codeblock&quot;,{&quot;style&quot;:null,&quot;codeblock&quot;:true,&quot;textAlign&quot;:null,&quot;syntaxLanguage&quot;:null,&quot;lineWrapping&quot;:false}]\" data-en-clipboard=\"true\"><span><span><a href=\"https:\/\/lavalgold.ca\/\">Accueil<\/a><\/span><\/span><\/div>\n<p>[\/et_pb_text][\/et_pb_column][\/et_pb_row][\/et_pb_section][et_pb_section fb_built=\u00a0\u00bb1&Prime; _builder_version=\u00a0\u00bb4.27.4&Prime; _module_preset=\u00a0\u00bbdefault\u00a0\u00bb background_color=\u00a0\u00bbrgba(247,247,247,0.9)\u00a0\u00bb custom_margin=\u00a0\u00bb0px||0px||true|false\u00a0\u00bb custom_padding=\u00a0\u00bb0px||0px||true|false\u00a0\u00bb collapsed=\u00a0\u00bboff\u00a0\u00bb global_colors_info=\u00a0\u00bb{}\u00a0\u00bb][et_pb_row _builder_version=\u00a0\u00bb4.27.4&Prime; _module_preset=\u00a0\u00bbdefault\u00a0\u00bb width=\u00a0\u00bb100%\u00a0\u00bb max_width=\u00a0\u00bb100%\u00a0\u00bb custom_padding=\u00a0\u00bb0px||0px||false|false\u00a0\u00bb global_colors_info=\u00a0\u00bb{}\u00a0\u00bb][et_pb_column type=\u00a0\u00bb4_4&Prime; _builder_version=\u00a0\u00bb4.27.4&Prime; _module_preset=\u00a0\u00bbdefault\u00a0\u00bb global_colors_info=\u00a0\u00bb{}\u00a0\u00bb][et_pb_code _builder_version=\u00a0\u00bb4.27.4&Prime; _module_preset=\u00a0\u00bbdefault\u00a0\u00bb global_colors_info=\u00a0\u00bb{}\u00a0\u00bb]<iframe src=\"https:\/\/canadagold.ca\/locations-global\/\" width=\"100%\" height=\"1010\" style=\"border:0;\" loading=\"lazy\" sandbox=\"allow-scripts allow-same-origin allow-forms allow-popups\" id=\"english-map\"><!-- [et_pb_line_break_holder] --><\/iframe><!-- [et_pb_line_break_holder] --><!-- [et_pb_line_break_holder] --><iframe src=\"https:\/\/canadagold.ca\/fr\/locations-global\/\" width=\"100%\" height=\"1010\" style=\"border:0;\" loading=\"lazy\" sandbox=\"allow-scripts allow-same-origin allow-forms allow-popups\"id=\"french-map\"><!-- [et_pb_line_break_holder] --><\/iframe><!-- [et_pb_line_break_holder] --> <!-- [et_pb_line_break_holder] --><iframe src=\"https:\/\/canadagold.ca\/zh\/locations-global\/\" width=\"100%\" height=\"1010\" style=\"border:0;\" loading=\"lazy\" sandbox=\"allow-scripts allow-same-origin allow-forms allow-popups\"id=\"china-map\"><!-- [et_pb_line_break_holder] --><\/iframe><!-- [et_pb_line_break_holder] --><!-- [et_pb_line_break_holder] --><\/p>\n<style><!-- [et_pb_line_break_holder] -->#english-map,#french-map,#china-map{display: none;}<!-- [et_pb_line_break_holder] -->.translatepress-en_CA #english-map{display: block;}<!-- [et_pb_line_break_holder] -->.translatepress-fr_CA #french-map{display: block;}<!-- [et_pb_line_break_holder] -->.translatepress-zh_HK #china-map{display: block;}<!-- [et_pb_line_break_holder] --><\/style>\n<p>[\/et_pb_code][\/et_pb_column][\/et_pb_row][\/et_pb_section]<\/p>\n","protected":false},"excerpt":{"rendered":"<span><span><a href=\"https:\/\/lavalgold.ca\/zh\/\">\u9996\u9801<\/a><\/span><\/span>","protected":false},"author":1,"featured_media":0,"parent":0,"menu_order":0,"comment_status":"closed","ping_status":"closed","template":"","meta":{"_acf_changed":false,"_et_pb_use_builder":"on","_et_pb_old_content":"","_et_gb_content_width":"","footnotes":""},"class_list":["post-71984","page","type-page","status-publish","hentry"],"acf":[],"yoast_head":"<!-- This site is optimized with the Yoast SEO plugin v27.2 - https:\/\/yoast.com\/product\/yoast-seo-wordpress\/ -->\n<title>Succursales Canada Or partout au pays - Laval Gold<\/title>\n<meta name=\"description\" content=\"Vous souhaitez visiter la succursale Canada Or la plus pr\u00e8s de chez vous ? D\u00e9couvrez toutes nos succursales partout au Canada et dans le nord-ouest des \u00c9tats-Unis.\" \/>\n<meta name=\"robots\" content=\"index, follow, max-snippet:-1, max-image-preview:large, max-video-preview:-1\" \/>\n<link rel=\"canonical\" href=\"https:\/\/lavalgold.ca\/zh\/\u5730\u9ede\/\" \/>\n<meta property=\"og:locale\" content=\"zh_HK\" \/>\n<meta property=\"og:type\" content=\"article\" \/>\n<meta property=\"og:title\" content=\"Succursales Canada Or partout au pays - Laval Gold\" \/>\n<meta property=\"og:description\" content=\"Vous souhaitez visiter la succursale Canada Or la plus pr\u00e8s de chez vous ? D\u00e9couvrez toutes nos succursales partout au Canada et dans le nord-ouest des \u00c9tats-Unis.\" \/>\n<meta property=\"og:url\" content=\"https:\/\/lavalgold.ca\/zh\/\u5730\u9ede\/\" \/>\n<meta property=\"og:site_name\" content=\"Laval Gold\" \/>\n<meta property=\"article:publisher\" content=\"https:\/\/www.facebook.com\/CanadaGoldBBB\" \/>\n<meta property=\"article:modified_time\" content=\"2026-02-06T22:09:07+00:00\" \/>\n<meta property=\"og:image\" content=\"https:\/\/lavalgold.ca\/wp-content\/uploads\/2026\/02\/Canada-Or-Laval-Web-Logo-Gold-and-Navy.png\" \/>\n\t<meta property=\"og:image:width\" content=\"1000\" \/>\n\t<meta property=\"og:image:height\" content=\"225\" \/>\n\t<meta property=\"og:image:type\" content=\"image\/png\" \/>\n<meta name=\"twitter:card\" content=\"summary_large_image\" \/>\n<meta name=\"twitter:site\" content=\"@canadagoldbbb\" \/>\n<meta name=\"twitter:label1\" content=\"\u9810\u8a08\u95b1\u8b80\u6642\u9593\" \/>\n\t<meta name=\"twitter:data1\" content=\"1 \u5206\u9418\" \/>\n<script type=\"application\/ld+json\" class=\"yoast-schema-graph\">{\"@context\":\"https:\/\/schema.org\",\"@graph\":[{\"@type\":\"WebPage\",\"@id\":\"https:\/\/lavalgold.ca\/locations\/\",\"url\":\"https:\/\/lavalgold.ca\/locations\/\",\"name\":\"Succursales Canada Or partout au pays - Laval Gold\",\"isPartOf\":{\"@id\":\"https:\/\/lavalgold.ca\/#website\"},\"datePublished\":\"2025-02-19T23:32:32+00:00\",\"dateModified\":\"2026-02-06T22:09:07+00:00\",\"description\":\"Vous souhaitez visiter la succursale Canada Or la plus pr\u00e8s de chez vous ? D\u00e9couvrez toutes nos succursales partout au Canada et dans le nord-ouest des \u00c9tats-Unis.\",\"breadcrumb\":{\"@id\":\"https:\/\/lavalgold.ca\/locations\/#breadcrumb\"},\"inLanguage\":\"zh-HK\",\"potentialAction\":[{\"@type\":\"ReadAction\",\"target\":[\"https:\/\/lavalgold.ca\/locations\/\"]}]},{\"@type\":\"BreadcrumbList\",\"@id\":\"https:\/\/lavalgold.ca\/locations\/#breadcrumb\",\"itemListElement\":[{\"@type\":\"ListItem\",\"position\":1,\"name\":\"Accueil\",\"item\":\"https:\/\/lavalgold.ca\/\"},{\"@type\":\"ListItem\",\"position\":2,\"name\":\"Succursales\"}]},{\"@type\":\"WebSite\",\"@id\":\"https:\/\/lavalgold.ca\/#website\",\"url\":\"https:\/\/lavalgold.ca\/\",\"name\":\"Laval Gold\",\"description\":\"A Division of Canada Gold\",\"publisher\":{\"@id\":\"https:\/\/lavalgold.ca\/#organization\"},\"potentialAction\":[{\"@type\":\"SearchAction\",\"target\":{\"@type\":\"EntryPoint\",\"urlTemplate\":\"https:\/\/lavalgold.ca\/?s={search_term_string}\"},\"query-input\":{\"@type\":\"PropertyValueSpecification\",\"valueRequired\":true,\"valueName\":\"search_term_string\"}}],\"inLanguage\":\"zh-HK\"},{\"@type\":\"Organization\",\"@id\":\"https:\/\/lavalgold.ca\/#organization\",\"name\":\"Laval Gold\",\"url\":\"https:\/\/lavalgold.ca\/\",\"logo\":{\"@type\":\"ImageObject\",\"inLanguage\":\"zh-HK\",\"@id\":\"https:\/\/lavalgold.ca\/#\/schema\/logo\/image\/\",\"url\":\"https:\/\/lavalgold.ca\/wp-content\/uploads\/2025\/01\/cropped-favicon.png\",\"contentUrl\":\"https:\/\/lavalgold.ca\/wp-content\/uploads\/2025\/01\/cropped-favicon.png\",\"width\":512,\"height\":512,\"caption\":\"Laval Gold\"},\"image\":{\"@id\":\"https:\/\/lavalgold.ca\/#\/schema\/logo\/image\/\"},\"sameAs\":[\"https:\/\/www.facebook.com\/CanadaGoldBBB\",\"https:\/\/x.com\/canadagoldbbb\"]}]}<\/script>\n<!-- \/ Yoast SEO plugin. -->","yoast_head_json":{"title":"\u52a0\u62ff\u5927\u9ec3\u91d1\u5728\u5168\u570b\u5404\u5730\u7684\u5206\u884c - Laval Gold","description":"\u60a8\u60f3\u9020\u8a2a\u96e2\u60a8\u6700\u8fd1\u7684\u52a0\u62ff\u5927\u9ec3\u91d1\u5206\u884c\u55ce\uff1f\u4e86\u89e3\u6211\u5011\u5728\u52a0\u62ff\u5927\u548c\u7f8e\u570b\u897f\u5317\u90e8\u7684\u6240\u6709\u5206\u884c\u3002.","robots":{"index":"index","follow":"follow","max-snippet":"max-snippet:-1","max-image-preview":"max-image-preview:large","max-video-preview":"max-video-preview:-1"},"canonical":"https:\/\/lavalgold.ca\/zh\/\u5730\u9ede\/","og_locale":"zh_HK","og_type":"article","og_title":"Succursales Canada Or partout au pays - Laval Gold","og_description":"Vous souhaitez visiter la succursale Canada Or la plus pr\u00e8s de chez vous ? D\u00e9couvrez toutes nos succursales partout au Canada et dans le nord-ouest des \u00c9tats-Unis.","og_url":"https:\/\/lavalgold.ca\/zh\/\u5730\u9ede\/","og_site_name":"Laval Gold","article_publisher":"https:\/\/www.facebook.com\/CanadaGoldBBB","article_modified_time":"2026-02-06T22:09:07+00:00","og_image":[{"width":1000,"height":225,"url":"https:\/\/lavalgold.ca\/wp-content\/uploads\/2026\/02\/Canada-Or-Laval-Web-Logo-Gold-and-Navy.png","type":"image\/png"}],"twitter_card":"summary_large_image","twitter_site":"@canadagoldbbb","twitter_misc":{"\u9810\u8a08\u95b1\u8b80\u6642\u9593":"1 \u5206\u9418"},"schema":{"@context":"https:\/\/schema.org","@graph":[{"@type":"WebPage","@id":"https:\/\/lavalgold.ca\/locations\/","url":"https:\/\/lavalgold.ca\/locations\/","name":"\u52a0\u62ff\u5927\u9ec3\u91d1\u5728\u5168\u570b\u5404\u5730\u7684\u5206\u884c - Laval Gold","isPartOf":{"@id":"https:\/\/lavalgold.ca\/#website"},"datePublished":"2025-02-19T23:32:32+00:00","dateModified":"2026-02-06T22:09:07+00:00","description":"\u60a8\u60f3\u9020\u8a2a\u96e2\u60a8\u6700\u8fd1\u7684\u52a0\u62ff\u5927\u9ec3\u91d1\u5206\u884c\u55ce\uff1f\u4e86\u89e3\u6211\u5011\u5728\u52a0\u62ff\u5927\u548c\u7f8e\u570b\u897f\u5317\u90e8\u7684\u6240\u6709\u5206\u884c\u3002.","breadcrumb":{"@id":"https:\/\/lavalgold.ca\/locations\/#breadcrumb"},"inLanguage":"zh-HK","potentialAction":[{"@type":"ReadAction","target":["https:\/\/lavalgold.ca\/locations\/"]}]},{"@type":"BreadcrumbList","@id":"https:\/\/lavalgold.ca\/locations\/#breadcrumb","itemListElement":[{"@type":"ListItem","position":1,"name":"Accueil","item":"https:\/\/lavalgold.ca\/"},{"@type":"ListItem","position":2,"name":"Succursales"}]},{"@type":"WebSite","@id":"https:\/\/lavalgold.ca\/#website","url":"https:\/\/lavalgold.ca\/","name":"\u62c9\u74e6\u723e\u91d1","description":"\u52a0\u62ff\u5927\u9ec3\u91d1\u90e8\u9580","publisher":{"@id":"https:\/\/lavalgold.ca\/#organization"},"potentialAction":[{"@type":"SearchAction","target":{"@type":"EntryPoint","urlTemplate":"https:\/\/lavalgold.ca\/?s={search_term_string}"},"query-input":{"@type":"PropertyValueSpecification","valueRequired":true,"valueName":"search_term_string"}}],"inLanguage":"zh-HK"},{"@type":"Organization","@id":"https:\/\/lavalgold.ca\/#organization","name":"\u62c9\u74e6\u723e\u91d1","url":"https:\/\/lavalgold.ca\/","logo":{"@type":"ImageObject","inLanguage":"zh-HK","@id":"https:\/\/lavalgold.ca\/#\/schema\/logo\/image\/","url":"https:\/\/lavalgold.ca\/wp-content\/uploads\/2025\/01\/cropped-favicon.png","contentUrl":"https:\/\/lavalgold.ca\/wp-content\/uploads\/2025\/01\/cropped-favicon.png","width":512,"height":512,"caption":"Laval Gold"},"image":{"@id":"https:\/\/lavalgold.ca\/#\/schema\/logo\/image\/"},"sameAs":["https:\/\/www.facebook.com\/CanadaGoldBBB","https:\/\/x.com\/canadagoldbbb"]}]}},"_links":{"self":[{"href":"https:\/\/lavalgold.ca\/zh\/wp-json\/wp\/v2\/pages\/71984","targetHints":{"allow":["GET"]}}],"collection":[{"href":"https:\/\/lavalgold.ca\/zh\/wp-json\/wp\/v2\/pages"}],"about":[{"href":"https:\/\/lavalgold.ca\/zh\/wp-json\/wp\/v2\/types\/page"}],"author":[{"embeddable":true,"href":"https:\/\/lavalgold.ca\/zh\/wp-json\/wp\/v2\/users\/1"}],"replies":[{"embeddable":true,"href":"https:\/\/lavalgold.ca\/zh\/wp-json\/wp\/v2\/comments?post=71984"}],"version-history":[{"count":0,"href":"https:\/\/lavalgold.ca\/zh\/wp-json\/wp\/v2\/pages\/71984\/revisions"}],"wp:attachment":[{"href":"https:\/\/lavalgold.ca\/zh\/wp-json\/wp\/v2\/media?parent=71984"}],"curies":[{"name":"wp","href":"https:\/\/api.w.org\/{rel}","templated":true}]}}