{"id":74864,"date":"2025-07-21T04:04:32","date_gmt":"2025-07-21T11:04:32","guid":{"rendered":"https:\/\/vancouver25dev.wpenginepowered.com\/?page_id=74864"},"modified":"2026-02-06T15:24:54","modified_gmt":"2026-02-06T20:24:54","slug":"scrap-gold-calculator","status":"publish","type":"page","link":"https:\/\/lavalgold.ca\/zh\/scrap-gold-calculator\/","title":{"rendered":"\u9ec3\u91d1\u56de\u6536\u8a08\u7b97\u6a5f"},"content":{"rendered":"<p>[et_pb_section fb_built=\u00a0\u00bb1&Prime; custom_padding_last_edited=\u00a0\u00bbon|desktop\u00a0\u00bb admin_label=\u00a0\u00bbSection\u00a0\u00bb _builder_version=\u00a0\u00bb4.27.4&Prime; _module_preset=\u00a0\u00bbdefault\u00a0\u00bb background_color=\u00a0\u00bb#032340&Prime; width_tablet=\u00a0\u00bb\u00a0\u00bb width_phone=\u00a0\u00bb100%\u00a0\u00bb width_last_edited=\u00a0\u00bbon|phone\u00a0\u00bb height_tablet=\u00a0\u00bb\u00a0\u00bb height_phone=\u00a0\u00bb\u00a0\u00bb height_last_edited=\u00a0\u00bbon|desktop\u00a0\u00bb custom_padding=\u00a0\u00bb10px||10px||false|false\u00a0\u00bb custom_padding_tablet=\u00a0\u00bb9px||4px||false|false\u00a0\u00bb custom_padding_phone=\u00a0\u00bb9px||4px||false|false\u00a0\u00bb border_color_bottom=\u00a0\u00bb#D2AE74&Prime; saved_tabs=\u00a0\u00bball\u00a0\u00bb locked=\u00a0\u00bboff\u00a0\u00bb collapsed=\u00a0\u00bboff\u00a0\u00bb global_colors_info=\u00a0\u00bb{}\u00a0\u00bb][et_pb_row make_equal=\u00a0\u00bbon\u00a0\u00bb _builder_version=\u00a0\u00bb4.27.4&Prime; _module_preset=\u00a0\u00bbdefault\u00a0\u00bb custom_margin=\u00a0\u00bb0px||0px||false|false\u00a0\u00bb custom_padding=\u00a0\u00bb0px||0px||false|false\u00a0\u00bb custom_css_main_element=\u00a0\u00bbdisplay:flex;\u00a0\u00bb global_colors_info=\u00a0\u00bb{}\u00a0\u00bb][et_pb_column type=\u00a0\u00bb4_4&Prime; _builder_version=\u00a0\u00bb4.27.4&Prime; _module_preset=\u00a0\u00bbdefault\u00a0\u00bb custom_css_main_element=\u00a0\u00bbdisplay:flex;||flex-direction:column;||justify-content: center;\u00a0\u00bb global_colors_info=\u00a0\u00bb{}\u00a0\u00bb][et_pb_heading title=\u00a0\u00bb@ET-DC@eyJkeW5hbWljIjp0cnVlLCJjb250ZW50IjoicG9zdF90aXRsZSIsInNldHRpbmdzIjp7ImJlZm9yZSI6IjxoMT4iLCJhZnRlciI6IjwvaDE+In19@\u00a0\u00bb _builder_version=\u00a0\u00bb4.27.4&Prime; _dynamic_attributes=\u00a0\u00bbtitle\u00a0\u00bb _module_preset=\u00a0\u00bbdefault\u00a0\u00bb title_font=\u00a0\u00bb&#8211;et_global_heading_font|500||on|||||\u00a0\u00bb title_text_align=\u00a0\u00bbcenter\u00a0\u00bb title_text_color=\u00a0\u00bb#FFFFFF\u00a0\u00bb title_font_size=\u00a0\u00bb35px\u00a0\u00bb module_alignment=\u00a0\u00bbcenter\u00a0\u00bb custom_margin=\u00a0\u00bb0px||0px||false|false\u00a0\u00bb custom_padding=\u00a0\u00bb0px||0px||false|false\u00a0\u00bb title_font_size_tablet=\u00a0\u00bb30px\u00a0\u00bb title_font_size_phone=\u00a0\u00bb25px\u00a0\u00bb title_font_size_last_edited=\u00a0\u00bbon|tablet\u00a0\u00bb custom_css_free_form=\u00a0\u00bbselector h1 {||  padding-bottom: 5px;||}\u00a0\u00bb global_colors_info=\u00a0\u00bb{}\u00a0\u00bb][\/et_pb_heading][\/et_pb_column][\/et_pb_row][\/et_pb_section][et_pb_section fb_built=\u00a0\u00bb1&Prime; admin_label=\u00a0\u00bbbreadcrumbs\u00a0\u00bb _builder_version=\u00a0\u00bb4.27.4&Prime; _module_preset=\u00a0\u00bbdefault\u00a0\u00bb custom_margin=\u00a0\u00bb0px||0px||false|false\u00a0\u00bb custom_margin_tablet=\u00a0\u00bb||0px||false|false\u00a0\u00bb custom_margin_phone=\u00a0\u00bb||0px||false|false\u00a0\u00bb custom_margin_last_edited=\u00a0\u00bbon|phone\u00a0\u00bb custom_padding=\u00a0\u00bb0px||0px||false|false\u00a0\u00bb global_module=\u00a0\u00bb151&Prime; saved_tabs=\u00a0\u00bball\u00a0\u00bb locked=\u00a0\u00bboff\u00a0\u00bb global_colors_info=\u00a0\u00bb{}\u00a0\u00bb][et_pb_row _builder_version=\u00a0\u00bb4.27.4&Prime; _module_preset=\u00a0\u00bbdefault\u00a0\u00bb width_tablet=\u00a0\u00bb\u00a0\u00bb width_phone=\u00a0\u00bb90%\u00a0\u00bb width_last_edited=\u00a0\u00bbon|phone\u00a0\u00bb custom_margin=\u00a0\u00bb||||false|false\u00a0\u00bb custom_padding=\u00a0\u00bb20px||20px||true|false\u00a0\u00bb global_colors_info=\u00a0\u00bb{}\u00a0\u00bb][et_pb_column type=\u00a0\u00bb4_4&Prime; _builder_version=\u00a0\u00bb4.27.4&Prime; _module_preset=\u00a0\u00bbdefault\u00a0\u00bb global_colors_info=\u00a0\u00bb{}\u00a0\u00bb][et_pb_text admin_label=\u00a0\u00bbbreadcrumbs\u00a0\u00bb _builder_version=\u00a0\u00bb4.27.4&Prime; _module_preset=\u00a0\u00bbdefault\u00a0\u00bb text_font=\u00a0\u00bb|&#8211;et_global_body_font_weight||on|||||\u00a0\u00bb text_text_color=\u00a0\u00bb#0E3E63&Prime; text_font_size=\u00a0\u00bb14px\u00a0\u00bb link_font=\u00a0\u00bb|||on|||||\u00a0\u00bb link_text_color=\u00a0\u00bb#000000&Prime; text_font_size_tablet=\u00a0\u00bb12px\u00a0\u00bb text_font_size_phone=\u00a0\u00bb11px\u00a0\u00bb text_font_size_last_edited=\u00a0\u00bbon|phone\u00a0\u00bb global_colors_info=\u00a0\u00bb{}\u00a0\u00bb]<\/p>\n<div data-plaintext=\"true\" data-pm-slice=\"1 1 [&quot;codeblock&quot;,{&quot;style&quot;:null,&quot;codeblock&quot;:true,&quot;textAlign&quot;:null,&quot;syntaxLanguage&quot;:null,&quot;lineWrapping&quot;:false}]\" data-en-clipboard=\"true\"><span><span><a href=\"https:\/\/lavalgold.ca\/\">Accueil<\/a><\/span><\/span><\/div>\n<p>[\/et_pb_text][\/et_pb_column][\/et_pb_row][\/et_pb_section][et_pb_section fb_built=\u00a0\u00bb1&Prime; _builder_version=\u00a0\u00bb4.27.4&Prime; _module_preset=\u00a0\u00bbdefault\u00a0\u00bb custom_margin=\u00a0\u00bb0px||30px||false|false\u00a0\u00bb custom_padding=\u00a0\u00bb0px||0px||false|false\u00a0\u00bb global_colors_info=\u00a0\u00bb{}\u00a0\u00bb][et_pb_row _builder_version=\u00a0\u00bb4.27.4&Prime; _module_preset=\u00a0\u00bbdefault\u00a0\u00bb custom_margin=\u00a0\u00bb||0px||false|false\u00a0\u00bb custom_padding=\u00a0\u00bb||0px||false|false\u00a0\u00bb hover_enabled=\u00a0\u00bb0&Prime; global_colors_info=\u00a0\u00bb{}\u00a0\u00bb custom_padding_last_edited=\u00a0\u00bbon|phone\u00a0\u00bb custom_padding_phone=\u00a0\u00bb0px||||false|false\u00a0\u00bb sticky_enabled=\u00a0\u00bb0&Prime; width_last_edited=\u00a0\u00bbon|phone\u00a0\u00bb width_phone=\u00a0\u00bb90%\u00a0\u00bb custom_padding_tablet=\u00a0\u00bb||0px||false|false\u00a0\u00bb][et_pb_column type=\u00a0\u00bb4_4&Prime; _builder_version=\u00a0\u00bb4.27.4&Prime; _module_preset=\u00a0\u00bbdefault\u00a0\u00bb global_colors_info=\u00a0\u00bb{}\u00a0\u00bb][et_pb_text _builder_version=\u00a0\u00bb4.27.4&Prime; _module_preset=\u00a0\u00bbdefault\u00a0\u00bb text_font_size_tablet=\u00a0\u00bb15px\u00a0\u00bb text_font_size_phone=\u00a0\u00bb14px\u00a0\u00bb text_font_size_last_edited=\u00a0\u00bbon|phone\u00a0\u00bb global_colors_info=\u00a0\u00bb{}\u00a0\u00bb]<\/p>\n<p><span style=\"font-weight: 400;\">Comprendre la valeur de vos m\u00e9taux pr\u00e9cieux est la premi\u00e8re \u00e9tape pour prendre des d\u00e9cisions en toute confiance. Nous sommes fiers d\u2019offrir des outils qui simplifient cette t\u00e2che.<\/span><\/p>\n<p><span style=\"font-weight: 400;\">Un outil utile est notre calculateur en ligne de la valeur de l\u2019or de r\u00e9cup\u00e9ration. Il s\u2019agit d\u2019un moyen simple d\u2019estimer la valeur de votre or sur la base des prix actuels du march\u00e9.<\/span><\/p>\n<p><span style=\"font-weight: 400;\">Il vous suffit d\u2019indiquer le carat et le poids de votre objet pour que la calculatrice vous donne une valeur approximative, ce qui vous donne un point de d\u00e9part utile avant de vous rendre dans l\u2019un de nos points de vente.<\/span><\/p>\n<p><span style=\"font-weight: 400;\">Si vous souhaitez obtenir une assistance suppl\u00e9mentaire, cliquez sur le lien suivant <\/span><a class=\"intercom-trigger\"><b>l\u2019ic\u00f4ne de service de messagerie instantan\u00e9e<\/b><\/a><span style=\"font-weight: 400;\"> dans le coin inf\u00e9rieur droit de la page pour d\u00e9marrer une discussion en direct. Notre service de messagerie instantan\u00e9e est r\u00e9guli\u00e8rement mis \u00e0 jour avec des informations sur les prix actuels, il peut donc \u00e9galement servir de calculateur rapide de l\u2019or \u00e0 la casse, m\u00eame en calculant une liste d\u2019articles que vous lui fournissez.<\/span><\/p>\n<p><span style=\"font-weight: 400;\">N\u2019oubliez pas que toutes les estimations sont bas\u00e9es sur les informations disponibles au moment de la v\u00e9rification. Pour obtenir une offre pr\u00e9cise, vos articles doivent \u00eatre \u00e9valu\u00e9s en personne par notre personnel qualifi\u00e9 dans l\u2019un de nos magasins.<\/span><\/p>\n<p>[\/et_pb_text][\/et_pb_column][\/et_pb_row][et_pb_row _builder_version=\u00a0\u00bb4.27.4&Prime; _module_preset=\u00a0\u00bbdefault\u00a0\u00bb custom_margin=\u00a0\u00bb||0px||false|false\u00a0\u00bb custom_padding=\u00a0\u00bb||0px||false|false\u00a0\u00bb hover_enabled=\u00a0\u00bb0&Prime; global_colors_info=\u00a0\u00bb{}\u00a0\u00bb width_last_edited=\u00a0\u00bbon|phone\u00a0\u00bb width_phone=\u00a0\u00bb90%\u00a0\u00bb sticky_enabled=\u00a0\u00bb0&Prime;][et_pb_column type=\u00a0\u00bb4_4&Prime; _builder_version=\u00a0\u00bb4.27.4&Prime; _module_preset=\u00a0\u00bbdefault\u00a0\u00bb global_colors_info=\u00a0\u00bb{}\u00a0\u00bb][et_pb_code _builder_version=\u00a0\u00bb4.27.4&Prime; _module_preset=\u00a0\u00bbdefault\u00a0\u00bb max_width=\u00a0\u00bb520px\u00a0\u00bb module_alignment=\u00a0\u00bbcenter\u00a0\u00bb custom_margin=\u00a0\u00bb||0px||false|false\u00a0\u00bb hover_enabled=\u00a0\u00bb0&Prime; global_colors_info=\u00a0\u00bb{}\u00a0\u00bb sticky_enabled=\u00a0\u00bb0&Prime;]<h3 style=\"text-align: center;margin-top: 20px;display: inline-block;\">Gold Spot Price: $6519.43 CAD&nbsp;<span style=\"color: #ff0000;\">&nbsp;<span class=\"ttfmake-icon mceNonEditable fa\">\uf063<\/span>0<\/span><\/h3>[\/et_pb_code][et_pb_code disabled_on=\u00a0\u00bboff|off|off\u00a0\u00bb admin_label=\u00a0\u00bbPrices Table\u00a0\u00bb module_class=\u00a0\u00bbgrid-container\u00a0\u00bb _builder_version=\u00a0\u00bb4.27.4&Prime; _module_preset=\u00a0\u00bbdefault\u00a0\u00bb module_alignment=\u00a0\u00bbcenter\u00a0\u00bb custom_margin=\u00a0\u00bb||||false|false\u00a0\u00bb custom_padding_tablet=\u00a0\u00bb\u00a0\u00bb custom_padding_phone=\u00a0\u00bb|10px|80px|10px|false|true\u00a0\u00bb custom_padding_last_edited=\u00a0\u00bbon|phone\u00a0\u00bb global_colors_info=\u00a0\u00bb{}\u00a0\u00bb]\n    <div class=\"grid-container calculator-body\">\n        <h2 class=\"calculator-heading\">Scrap Metal Calculator<\/h2>\n        <div class=\"row\">\n            <div class=\"col-fourth\">\n                Select metal:\n                <select id=\"metal-select\">\n\t\t\t\t\t<option value=\"6519.43\" data-value=\"gold\">Gold<\/option>\n\t\t\t\t\t<option value=\"101.83\" data-value=\"silver\">Silver<\/option>\n\t\t\t\t<\/select>\n            <\/div>\n\n            <div class=\"col-fourth\">\n                Purity:\n                <select id=\"purity-gold-select\" class=\"ignore\">\n                    <option value=\"99.99,78\">24 karat<\/option>\n                    <option value=\"89.58,78\">22 karat<\/option>\n                    <option value=\"85.42,78\">21 karat<\/option>\n                    <option value=\"72.92,78\">18 karat<\/option>\n                    <option value=\"56.25,78\">14 karat<\/option>\n                    <option value=\"39.58,78\">10 karat<\/option>\n                    <option value=\"35.42,78\">9 karat<\/option>\n                <\/select>\n\n                <select id=\"purity-gold-select-premium\" class=\"ignore\" style=\"display:none\">\n                    <option value=\"99.99,94\">24 karat<\/option>\n                    <option value=\"91.6,94\">22 karat<\/option>\n                    <option value=\"87.5,94\">21 karat<\/option>\n                    <option value=\"75,94\">18 karat<\/option>\n                    <option value=\"58.5,94\">14 karat<\/option>\n                    <option value=\"41.7,94\">10 karat<\/option>\n                    <option value=\"37.5,94\">9 karat<\/option>\n                <\/select>\n\n                <select id=\"purity-silver-select\" class=\"ignore\" style=\"display:none\">\n                    <option value=\"92.5,53\">925 Jewellery<\/option>\n                    <option value=\"92.5,55\">925 Flatware<\/option>\n                    <option value=\"58,43\">925 Mexican<\/option>\n                <\/select>\n            <\/div>\n\n            <div class=\"col-fourth\">\n                Weight(g): <input type=\"number\" name=\"weight\" id=\"weight\">\n            <\/div>\n\n            <div class=\"col-fourth\">\n                <button id=\"calculate\">Calculate<\/button>\n            <\/div>\n        <\/div>\n    <\/div>\n    <div class=\"remodal\" data-remodal-id=\"modal\">\n        <button data-remodal-action=\"close\" class=\"remodal-close\"><\/button>\n\n        <div id=\"gold_text\">\n            <p id=\"main_line\">\n                Canada Gold will pay <span id=\"calc_premium_results\"><\/span> for premium plus items and \n                <span id=\"calc_results_gold\"><\/span> for standard items based on today's buy prices.\n            <\/p>\n            <p>\n                We refine\/melt most of the items we purchase, but pay a range of prices for premium jewellery, diamond jewellery, coins and bars. All prices will be confirmed based on live market rates in store. Visit us at any of our 17 locaitons for a free evaluation and no-commitment offer.\n            <\/p>\n            <br>\n        <\/div>\n\n        <div id=\"silver_text\">\n            <p id=\"main_line\">\n                Canada Gold will pay <span id=\"calc_results_silver\"><\/span> or more based on today's buy prices.\n            <\/p>\n            <p>\n                We pay more for premium jewellery, diamond jewellery, coins, and bars. \n                Visit us for a commitment free quote in store.\n            <\/p>\n            <br>\n        <\/div>\n\n        <style>\n            a.location-link {\n                color: #fff;\n                background: #439844;\n                opacity: 0.8;\n                font: inherit;\n                display: inline-block;\n                overflow: visible;\n                min-width: 110px;\n                margin: 0;\n                padding: 12px;\n                cursor: pointer;\n                transition: background 0.2s;\n                text-align: center;\n                vertical-align: middle;\n                text-decoration: none;\n                border: 0;\n                outline: 0;\n            }\n            a.location-link:hover {\n                opacity: 1;\n                background: #439844;\n            }\n        <\/style>\n\n        <a href=\"https:\/\/lavalgold.ca\/locations\/\" class=\"location-link\">Locations<\/a>\n        <button data-remodal-action=\"cancel\" class=\"remodal-cancel\">Close<\/button>\n    <\/div>[\/et_pb_code][\/et_pb_column][\/et_pb_row][\/et_pb_section]<\/p>\n","protected":false},"excerpt":{"rendered":"<p><span><span><a href=\"https:\/\/lavalgold.ca\/\">Accueil<\/a><\/span><\/span>Comprendre la valeur de vos m\u00e9taux pr\u00e9cieux est la premi\u00e8re \u00e9tape pour prendre des d\u00e9cisions en toute confiance. Nous sommes fiers d\u2019offrir des outils qui simplifient cette t\u00e2che. Un outil utile est notre calculateur en ligne de la valeur de l\u2019or de r\u00e9cup\u00e9ration. Il s\u2019agit d\u2019un moyen simple d\u2019estimer la valeur de votre or sur [&hellip;]<\/p>\n","protected":false},"author":1,"featured_media":0,"parent":0,"menu_order":0,"comment_status":"closed","ping_status":"closed","template":"","meta":{"_acf_changed":false,"_et_pb_use_builder":"on","_et_pb_old_content":"","_et_gb_content_width":"","footnotes":""},"class_list":["post-74864","page","type-page","status-publish","hentry"],"acf":[],"yoast_head":"<!-- This site is optimized with the Yoast SEO plugin v27.2 - https:\/\/yoast.com\/product\/yoast-seo-wordpress\/ -->\n<title>Estimer la valeur de l\u2019or de r\u00e9cup\u00e9ration en ligne - Laval Gold<\/title>\n<meta name=\"description\" content=\"Utilisez le calculateur d\u2019or de r\u00e9cup\u00e9ration en ligne de Canada Or \u2013 Laval pour estimer la valeur de votre or selon les prix du march\u00e9 en vigueur.\" \/>\n<meta name=\"robots\" content=\"index, follow, max-snippet:-1, max-image-preview:large, max-video-preview:-1\" \/>\n<link rel=\"canonical\" href=\"https:\/\/lavalgold.ca\/zh\/scrap-gold-calculator\/\" \/>\n<meta property=\"og:locale\" content=\"zh_HK\" \/>\n<meta property=\"og:type\" content=\"article\" \/>\n<meta property=\"og:title\" content=\"Estimer la valeur de l\u2019or de r\u00e9cup\u00e9ration en ligne - Laval Gold\" \/>\n<meta property=\"og:description\" content=\"Utilisez le calculateur d\u2019or de r\u00e9cup\u00e9ration en ligne de Canada Or \u2013 Laval pour estimer la valeur de votre or selon les prix du march\u00e9 en vigueur.\" \/>\n<meta property=\"og:url\" content=\"https:\/\/lavalgold.ca\/zh\/scrap-gold-calculator\/\" \/>\n<meta property=\"og:site_name\" content=\"Laval Gold\" \/>\n<meta property=\"article:publisher\" content=\"https:\/\/www.facebook.com\/CanadaGoldBBB\" \/>\n<meta property=\"article:modified_time\" content=\"2026-02-06T20:24:54+00:00\" \/>\n<meta property=\"og:image\" content=\"https:\/\/lavalgold.ca\/wp-content\/uploads\/2026\/02\/Canada-Or-Laval-Web-Logo-Gold-and-Navy.png\" \/>\n\t<meta property=\"og:image:width\" content=\"1000\" \/>\n\t<meta property=\"og:image:height\" content=\"225\" \/>\n\t<meta property=\"og:image:type\" content=\"image\/png\" \/>\n<meta name=\"twitter:card\" content=\"summary_large_image\" \/>\n<meta name=\"twitter:site\" content=\"@canadagoldbbb\" \/>\n<meta name=\"twitter:label1\" content=\"\u9810\u8a08\u95b1\u8b80\u6642\u9593\" \/>\n\t<meta name=\"twitter:data1\" content=\"2 \u5206\u9418\" \/>\n<script type=\"application\/ld+json\" class=\"yoast-schema-graph\">{\"@context\":\"https:\/\/schema.org\",\"@graph\":[{\"@type\":\"WebPage\",\"@id\":\"https:\/\/lavalgold.ca\/scrap-gold-calculator\/\",\"url\":\"https:\/\/lavalgold.ca\/scrap-gold-calculator\/\",\"name\":\"Estimer la valeur de l\u2019or de r\u00e9cup\u00e9ration en ligne - Laval Gold\",\"isPartOf\":{\"@id\":\"https:\/\/lavalgold.ca\/#website\"},\"datePublished\":\"2025-07-21T11:04:32+00:00\",\"dateModified\":\"2026-02-06T20:24:54+00:00\",\"description\":\"Utilisez le calculateur d\u2019or de r\u00e9cup\u00e9ration en ligne de Canada Or \u2013 Laval pour estimer la valeur de votre or selon les prix du march\u00e9 en vigueur.\",\"breadcrumb\":{\"@id\":\"https:\/\/lavalgold.ca\/scrap-gold-calculator\/#breadcrumb\"},\"inLanguage\":\"zh-HK\",\"potentialAction\":[{\"@type\":\"ReadAction\",\"target\":[\"https:\/\/lavalgold.ca\/scrap-gold-calculator\/\"]}]},{\"@type\":\"BreadcrumbList\",\"@id\":\"https:\/\/lavalgold.ca\/scrap-gold-calculator\/#breadcrumb\",\"itemListElement\":[{\"@type\":\"ListItem\",\"position\":1,\"name\":\"Accueil\",\"item\":\"https:\/\/lavalgold.ca\/\"},{\"@type\":\"ListItem\",\"position\":2,\"name\":\"Calculateur d\u2019or de r\u00e9cup\u00e9ration\"}]},{\"@type\":\"WebSite\",\"@id\":\"https:\/\/lavalgold.ca\/#website\",\"url\":\"https:\/\/lavalgold.ca\/\",\"name\":\"Laval Gold\",\"description\":\"A Division of Canada Gold\",\"publisher\":{\"@id\":\"https:\/\/lavalgold.ca\/#organization\"},\"potentialAction\":[{\"@type\":\"SearchAction\",\"target\":{\"@type\":\"EntryPoint\",\"urlTemplate\":\"https:\/\/lavalgold.ca\/?s={search_term_string}\"},\"query-input\":{\"@type\":\"PropertyValueSpecification\",\"valueRequired\":true,\"valueName\":\"search_term_string\"}}],\"inLanguage\":\"zh-HK\"},{\"@type\":\"Organization\",\"@id\":\"https:\/\/lavalgold.ca\/#organization\",\"name\":\"Laval Gold\",\"url\":\"https:\/\/lavalgold.ca\/\",\"logo\":{\"@type\":\"ImageObject\",\"inLanguage\":\"zh-HK\",\"@id\":\"https:\/\/lavalgold.ca\/#\/schema\/logo\/image\/\",\"url\":\"https:\/\/lavalgold.ca\/wp-content\/uploads\/2025\/01\/cropped-favicon.png\",\"contentUrl\":\"https:\/\/lavalgold.ca\/wp-content\/uploads\/2025\/01\/cropped-favicon.png\",\"width\":512,\"height\":512,\"caption\":\"Laval Gold\"},\"image\":{\"@id\":\"https:\/\/lavalgold.ca\/#\/schema\/logo\/image\/\"},\"sameAs\":[\"https:\/\/www.facebook.com\/CanadaGoldBBB\",\"https:\/\/x.com\/canadagoldbbb\"]}]}<\/script>\n<!-- \/ Yoast SEO plugin. -->","yoast_head_json":{"title":"\u7dda\u4e0a\u4f30\u7b97\u5ee2\u91d1\u50f9\u503c - Laval Gold","description":"\u4f7f\u7528 Canada Gold - Laval \u7684\u7dda\u4e0a\u9ec3\u91d1\u56de\u6536\u8a08\u7b97\u6a5f\uff0c\u6839\u64da\u7576\u524d\u5e02\u5834\u50f9\u683c\u4f30\u7b97\u60a8\u7684\u9ec3\u91d1\u50f9\u503c\u3002.","robots":{"index":"index","follow":"follow","max-snippet":"max-snippet:-1","max-image-preview":"max-image-preview:large","max-video-preview":"max-video-preview:-1"},"canonical":"https:\/\/lavalgold.ca\/zh\/scrap-gold-calculator\/","og_locale":"zh_HK","og_type":"article","og_title":"Estimer la valeur de l\u2019or de r\u00e9cup\u00e9ration en ligne - Laval Gold","og_description":"Utilisez le calculateur d\u2019or de r\u00e9cup\u00e9ration en ligne de Canada Or \u2013 Laval pour estimer la valeur de votre or selon les prix du march\u00e9 en vigueur.","og_url":"https:\/\/lavalgold.ca\/zh\/scrap-gold-calculator\/","og_site_name":"Laval Gold","article_publisher":"https:\/\/www.facebook.com\/CanadaGoldBBB","article_modified_time":"2026-02-06T20:24:54+00:00","og_image":[{"width":1000,"height":225,"url":"https:\/\/lavalgold.ca\/wp-content\/uploads\/2026\/02\/Canada-Or-Laval-Web-Logo-Gold-and-Navy.png","type":"image\/png"}],"twitter_card":"summary_large_image","twitter_site":"@canadagoldbbb","twitter_misc":{"\u9810\u8a08\u95b1\u8b80\u6642\u9593":"2 \u5206\u9418"},"schema":{"@context":"https:\/\/schema.org","@graph":[{"@type":"WebPage","@id":"https:\/\/lavalgold.ca\/scrap-gold-calculator\/","url":"https:\/\/lavalgold.ca\/scrap-gold-calculator\/","name":"\u7dda\u4e0a\u4f30\u7b97\u5ee2\u91d1\u50f9\u503c - Laval Gold","isPartOf":{"@id":"https:\/\/lavalgold.ca\/#website"},"datePublished":"2025-07-21T11:04:32+00:00","dateModified":"2026-02-06T20:24:54+00:00","description":"\u4f7f\u7528 Canada Gold - Laval \u7684\u7dda\u4e0a\u9ec3\u91d1\u56de\u6536\u8a08\u7b97\u6a5f\uff0c\u6839\u64da\u7576\u524d\u5e02\u5834\u50f9\u683c\u4f30\u7b97\u60a8\u7684\u9ec3\u91d1\u50f9\u503c\u3002.","breadcrumb":{"@id":"https:\/\/lavalgold.ca\/scrap-gold-calculator\/#breadcrumb"},"inLanguage":"zh-HK","potentialAction":[{"@type":"ReadAction","target":["https:\/\/lavalgold.ca\/scrap-gold-calculator\/"]}]},{"@type":"BreadcrumbList","@id":"https:\/\/lavalgold.ca\/scrap-gold-calculator\/#breadcrumb","itemListElement":[{"@type":"ListItem","position":1,"name":"Accueil","item":"https:\/\/lavalgold.ca\/"},{"@type":"ListItem","position":2,"name":"Calculateur d\u2019or de r\u00e9cup\u00e9ration"}]},{"@type":"WebSite","@id":"https:\/\/lavalgold.ca\/#website","url":"https:\/\/lavalgold.ca\/","name":"\u62c9\u74e6\u723e\u91d1","description":"\u52a0\u62ff\u5927\u9ec3\u91d1\u90e8\u9580","publisher":{"@id":"https:\/\/lavalgold.ca\/#organization"},"potentialAction":[{"@type":"SearchAction","target":{"@type":"EntryPoint","urlTemplate":"https:\/\/lavalgold.ca\/?s={search_term_string}"},"query-input":{"@type":"PropertyValueSpecification","valueRequired":true,"valueName":"search_term_string"}}],"inLanguage":"zh-HK"},{"@type":"Organization","@id":"https:\/\/lavalgold.ca\/#organization","name":"\u62c9\u74e6\u723e\u91d1","url":"https:\/\/lavalgold.ca\/","logo":{"@type":"ImageObject","inLanguage":"zh-HK","@id":"https:\/\/lavalgold.ca\/#\/schema\/logo\/image\/","url":"https:\/\/lavalgold.ca\/wp-content\/uploads\/2025\/01\/cropped-favicon.png","contentUrl":"https:\/\/lavalgold.ca\/wp-content\/uploads\/2025\/01\/cropped-favicon.png","width":512,"height":512,"caption":"Laval Gold"},"image":{"@id":"https:\/\/lavalgold.ca\/#\/schema\/logo\/image\/"},"sameAs":["https:\/\/www.facebook.com\/CanadaGoldBBB","https:\/\/x.com\/canadagoldbbb"]}]}},"_links":{"self":[{"href":"https:\/\/lavalgold.ca\/zh\/wp-json\/wp\/v2\/pages\/74864","targetHints":{"allow":["GET"]}}],"collection":[{"href":"https:\/\/lavalgold.ca\/zh\/wp-json\/wp\/v2\/pages"}],"about":[{"href":"https:\/\/lavalgold.ca\/zh\/wp-json\/wp\/v2\/types\/page"}],"author":[{"embeddable":true,"href":"https:\/\/lavalgold.ca\/zh\/wp-json\/wp\/v2\/users\/1"}],"replies":[{"embeddable":true,"href":"https:\/\/lavalgold.ca\/zh\/wp-json\/wp\/v2\/comments?post=74864"}],"version-history":[{"count":0,"href":"https:\/\/lavalgold.ca\/zh\/wp-json\/wp\/v2\/pages\/74864\/revisions"}],"wp:attachment":[{"href":"https:\/\/lavalgold.ca\/zh\/wp-json\/wp\/v2\/media?parent=74864"}],"curies":[{"name":"wp","href":"https:\/\/api.w.org\/{rel}","templated":true}]}}